{"id":32,"date":"2017-06-10T21:51:47","date_gmt":"2017-06-10T21:51:47","guid":{"rendered":"http:\/\/www.sahkoasennusmanninen.fi\/?page_id=32"},"modified":"2017-06-10T22:23:18","modified_gmt":"2017-06-10T22:23:18","slug":"tyon-kuvaus","status":"publish","type":"page","link":"https:\/\/www.sahkoasennusmanninen.fi\/?page_id=32","title":{"rendered":"UUDISKOHTEET JA SANEERAUKSET"},"content":{"rendered":"<p>-S\u00c4HK\u00d6ASENNUKSET<\/p>\n<p>-S\u00c4HK\u00d6SUUNNITTELU<\/p>\n<p>-ANTENNIURAKOINTI<\/p>\n<p>-URAKOINTI<\/p>\n<p>-AURINKOPANEELI J\u00c4RJESTELM\u00c4T<\/p>\n<p>-S\u00c4HK\u00d6TARVIKKEET<\/p>\n","protected":false},"excerpt":{"rendered":"<p>-S\u00c4HK\u00d6ASENNUKSET -S\u00c4HK\u00d6SUUNNITTELU -ANTENNIURAKOINTI -URAKOINTI -AURINKOPANEELI J\u00c4RJESTELM\u00c4T -S\u00c4HK\u00d6TARVIKKEET<\/p>\n","protected":false},"author":1,"featured_media":0,"parent":0,"menu_order":0,"comment_status":"closed","ping_status":"closed","template":"","meta":{"footnotes":""},"class_list":["post-32","page","type-page","status-publish","hentry"],"_links":{"self":[{"href":"https:\/\/www.sahkoasennusmanninen.fi\/index.php?rest_route=\/wp\/v2\/pages\/32","targetHints":{"allow":["GET"]}}],"collection":[{"href":"https:\/\/www.sahkoasennusmanninen.fi\/index.php?rest_route=\/wp\/v2\/pages"}],"about":[{"href":"https:\/\/www.sahkoasennusmanninen.fi\/index.php?rest_route=\/wp\/v2\/types\/page"}],"author":[{"embeddable":true,"href":"https:\/\/www.sahkoasennusmanninen.fi\/index.php?rest_route=\/wp\/v2\/users\/1"}],"replies":[{"embeddable":true,"href":"https:\/\/www.sahkoasennusmanninen.fi\/index.php?rest_route=%2Fwp%2Fv2%2Fcomments&post=32"}],"version-history":[{"count":4,"href":"https:\/\/www.sahkoasennusmanninen.fi\/index.php?rest_route=\/wp\/v2\/pages\/32\/revisions"}],"predecessor-version":[{"id":53,"href":"https:\/\/www.sahkoasennusmanninen.fi\/index.php?rest_route=\/wp\/v2\/pages\/32\/revisions\/53"}],"wp:attachment":[{"href":"https:\/\/www.sahkoasennusmanninen.fi\/index.php?rest_route=%2Fwp%2Fv2%2Fmedia&parent=32"}],"curies":[{"name":"wp","href":"https:\/\/api.w.org\/{rel}","templated":true}]}}